{"id":252,"date":"2022-09-22T08:32:59","date_gmt":"2022-09-22T08:32:59","guid":{"rendered":"https:\/\/ventureheat.eu\/?page_id=252"},"modified":"2023-01-05T11:40:56","modified_gmt":"2023-01-05T11:40:56","slug":"garantie","status":"publish","type":"page","link":"https:\/\/ventureheat.eu\/pt\/garantie\/","title":{"rendered":"Garantia"},"content":{"rendered":"<div data-elementor-type=\"wp-page\" data-elementor-id=\"252\" class=\"elementor elementor-252\" data-elementor-post-type=\"page\">\n\t\t\t\t\t\t<section class=\"has_ae_slider elementor-section elementor-top-section elementor-element elementor-element-0a4295b elementor-section-boxed elementor-section-height-default elementor-section-height-default ae-bg-gallery-type-default\" data-id=\"0a4295b\" data-element_type=\"section\" data-e-type=\"section\" data-settings=\"{&quot;background_background&quot;:&quot;classic&quot;}\">\n\t\t\t\t\t\t\t<div class=\"elementor-background-overlay\"><\/div>\n\t\t\t\t\t\t\t<div class=\"elementor-container elementor-column-gap-default\">\n\t\t\t\t\t<div class=\"has_ae_slider elementor-column elementor-col-100 elementor-top-column elementor-element elementor-element-a55ed75 ae-bg-gallery-type-default\" data-id=\"a55ed75\" data-element_type=\"column\" data-e-type=\"column\">\n\t\t\t<div class=\"elementor-widget-wrap elementor-element-populated\">\n\t\t\t\t\t\t<section class=\"has_ae_slider elementor-section elementor-inner-section elementor-element elementor-element-20578dc elementor-section-boxed elementor-section-height-default elementor-section-height-default ae-bg-gallery-type-default\" data-id=\"20578dc\" data-element_type=\"section\" data-e-type=\"section\">\n\t\t\t\t\t\t<div class=\"elementor-container elementor-column-gap-default\">\n\t\t\t\t\t<div class=\"has_ae_slider elementor-column elementor-col-100 elementor-inner-column elementor-element elementor-element-ae5d4ee animated-slow ae-bg-gallery-type-default elementor-invisible\" data-id=\"ae5d4ee\" data-element_type=\"column\" data-e-type=\"column\" data-settings=\"{&quot;animation&quot;:&quot;fadeIn&quot;}\">\n\t\t\t<div class=\"elementor-widget-wrap elementor-element-populated\">\n\t\t\t\t\t\t<div class=\"elementor-element elementor-element-4a79ff3 animated-slow elementor-invisible elementor-widget elementor-widget-heading\" data-id=\"4a79ff3\" data-element_type=\"widget\" data-e-type=\"widget\" data-settings=\"{&quot;_animation&quot;:&quot;fadeIn&quot;,&quot;_animation_delay&quot;:900}\" data-widget_type=\"heading.default\">\n\t\t\t\t<div class=\"elementor-widget-container\">\n\t\t\t\t\t<h2 class=\"elementor-heading-title elementor-size-default\">Condi\u00e7\u00f5es de garantia e manuseamento<\/h2>\t\t\t\t<\/div>\n\t\t\t\t<\/div>\n\t\t\t\t\t<\/div>\n\t\t<\/div>\n\t\t\t\t\t<\/div>\n\t\t<\/section>\n\t\t\t\t\t<\/div>\n\t\t<\/div>\n\t\t\t\t\t<\/div>\n\t\t<\/section>\n\t\t\t\t<section class=\"has_ae_slider elementor-section elementor-top-section elementor-element elementor-element-de36e01 elementor-section-boxed elementor-section-height-default elementor-section-height-default ae-bg-gallery-type-default\" data-id=\"de36e01\" data-element_type=\"section\" data-e-type=\"section\">\n\t\t\t\t\t\t<div class=\"elementor-container elementor-column-gap-default\">\n\t\t\t\t\t<div class=\"has_ae_slider elementor-column elementor-col-100 elementor-top-column elementor-element elementor-element-5ee9cfb ae-bg-gallery-type-default\" data-id=\"5ee9cfb\" data-element_type=\"column\" data-e-type=\"column\">\n\t\t\t<div class=\"elementor-widget-wrap elementor-element-populated\">\n\t\t\t\t\t\t<section class=\"has_ae_slider elementor-section elementor-inner-section elementor-element elementor-element-5c202f7 elementor-section-boxed elementor-section-height-default elementor-section-height-default ae-bg-gallery-type-default\" data-id=\"5c202f7\" data-element_type=\"section\" data-e-type=\"section\">\n\t\t\t\t\t\t<div class=\"elementor-container elementor-column-gap-default\">\n\t\t\t\t\t<div class=\"has_ae_slider elementor-column elementor-col-50 elementor-inner-column elementor-element elementor-element-760b277 ae-bg-gallery-type-default\" data-id=\"760b277\" data-element_type=\"column\" data-e-type=\"column\">\n\t\t\t<div class=\"elementor-widget-wrap elementor-element-populated\">\n\t\t\t\t\t\t<div class=\"elementor-element elementor-element-658971d elementor-widget elementor-widget-text-editor\" data-id=\"658971d\" data-element_type=\"widget\" data-e-type=\"widget\" data-widget_type=\"text-editor.default\">\n\t\t\t\t<div class=\"elementor-widget-container\">\n\t\t\t\t\t\t\t\t\t<p class=\"p1\">No caso excepcional de ser necess\u00e1rio fazer uma reclama\u00e7\u00e3o de garantia, ser\u00e3o feitos esfor\u00e7os para tratar disto o mais rapidamente poss\u00edvel. <br \/>O artigo em quest\u00e3o, juntamente com a prova de compra (n\u00e3o ser\u00e3o aceites recibos manuscritos) e o cart\u00e3o de garantia Laranja (totalmente preenchido) deve ser devolvido ao endere\u00e7o de compra. Na aus\u00eancia da prova de compra e do cart\u00e3o de garantia, n\u00e3o pode ser concedida qualquer garantia. O artigo ser\u00e1 tratado como uma repara\u00e7\u00e3o. <br \/>N\u00e3o se esque\u00e7a de incluir uma descri\u00e7\u00e3o clara da falha. Isto ir\u00e1 acelerar o processo de manuseamento. O vendedor encarregar-se-\u00e1 do tratamento posterior da garantia.<\/p>\t\t\t\t\t\t\t\t<\/div>\n\t\t\t\t<\/div>\n\t\t\t\t\t<\/div>\n\t\t<\/div>\n\t\t\t\t<div class=\"has_ae_slider elementor-column elementor-col-50 elementor-inner-column elementor-element elementor-element-be4f4ef ae-bg-gallery-type-default\" data-id=\"be4f4ef\" data-element_type=\"column\" data-e-type=\"column\">\n\t\t\t<div class=\"elementor-widget-wrap elementor-element-populated\">\n\t\t\t\t\t\t<div class=\"elementor-element elementor-element-8c63758 elementor-widget elementor-widget-image\" data-id=\"8c63758\" data-element_type=\"widget\" data-e-type=\"widget\" data-widget_type=\"image.default\">\n\t\t\t\t<div class=\"elementor-widget-container\">\n\t\t\t\t\t\t\t\t\t\t\t\t\t\t\t<img fetchpriority=\"high\" decoding=\"async\" width=\"800\" height=\"800\" src=\"https:\/\/ventureheat.eu\/wp-content\/uploads\/2023\/01\/Venture-Heat-2-Side-heat.png\" class=\"attachment-large size-large wp-image-1344\" alt=\"\" srcset=\"https:\/\/ventureheat.eu\/wp-content\/uploads\/2023\/01\/Venture-Heat-2-Side-heat.png 1000w, https:\/\/ventureheat.eu\/wp-content\/uploads\/2023\/01\/Venture-Heat-2-Side-heat-300x300.png 300w, https:\/\/ventureheat.eu\/wp-content\/uploads\/2023\/01\/Venture-Heat-2-Side-heat-150x150.png 150w, https:\/\/ventureheat.eu\/wp-content\/uploads\/2023\/01\/Venture-Heat-2-Side-heat-768x768.png 768w, https:\/\/ventureheat.eu\/wp-content\/uploads\/2023\/01\/Venture-Heat-2-Side-heat-12x12.png 12w\" sizes=\"(max-width: 800px) 100vw, 800px\" \/>\t\t\t\t\t\t\t\t\t\t\t\t\t\t\t<\/div>\n\t\t\t\t<\/div>\n\t\t\t\t\t<\/div>\n\t\t<\/div>\n\t\t\t\t\t<\/div>\n\t\t<\/section>\n\t\t\t\t<section class=\"has_ae_slider elementor-section elementor-inner-section elementor-element elementor-element-65ca7c3 elementor-section-boxed elementor-section-height-default elementor-section-height-default ae-bg-gallery-type-default\" data-id=\"65ca7c3\" data-element_type=\"section\" data-e-type=\"section\">\n\t\t\t\t\t\t<div class=\"elementor-container elementor-column-gap-default\">\n\t\t\t\t\t<div class=\"has_ae_slider elementor-column elementor-col-100 elementor-inner-column elementor-element elementor-element-1e53d31 ae-bg-gallery-type-default\" data-id=\"1e53d31\" data-element_type=\"column\" data-e-type=\"column\">\n\t\t\t<div class=\"elementor-widget-wrap elementor-element-populated\">\n\t\t\t\t\t\t<div class=\"elementor-element elementor-element-5c5dc08 elementor-widget elementor-widget-text-editor\" data-id=\"5c5dc08\" data-element_type=\"widget\" data-e-type=\"widget\" data-widget_type=\"text-editor.default\">\n\t\t\t\t<div class=\"elementor-widget-container\">\n\t\t\t\t\t\t\t\t\t<p class=\"p1\">Na Venture Heat, estamos empenhados em fornecer aos nossos clientes os melhores produtos e servi\u00e7os. Todos os produtos s\u00e3o vendidos com uma garantia do fabricante, salvo indica\u00e7\u00e3o em contr\u00e1rio. A garantia do fabricante cobre:<\/p><p class=\"p1\">1. As roupas interiores aquecidas por calor de risco (incluindo elemento de aquecimento, controlador, carregador, adaptador e controlo remoto) v\u00eam com uma garantia de 2 anos a partir da data de compra.\u00a0<\/p><p class=\"p1\">2. As baterias Venture Heat s\u00e3o um consum\u00edvel e t\u00eam uma garantia limitada de 6 meses a partir da data de compra.<\/p><p>\u00a0<\/p><p class=\"p1\">As repara\u00e7\u00f5es de produtos Venture Heat podem ser deixadas em qualquer revendedor Venture Heat. As repara\u00e7\u00f5es ser\u00e3o sempre citadas com anteced\u00eancia. No caso de repara\u00e7\u00f5es, ser\u00e3o sempre cobrados custos de exame. A cota\u00e7\u00e3o de repara\u00e7\u00e3o inclui estes custos de inspec\u00e7\u00e3o no pre\u00e7o. No caso de uma devolu\u00e7\u00e3o n\u00e3o reparada, estes custos ser\u00e3o cobrados separadamente.<\/p><p class=\"p1\">N\u00e3o \u00e9 poss\u00edvel apresentar pedidos de garantia ou repara\u00e7\u00f5es directamente \u00e0 Venture Heat Europe.<\/p>\t\t\t\t\t\t\t\t<\/div>\n\t\t\t\t<\/div>\n\t\t\t\t\t<\/div>\n\t\t<\/div>\n\t\t\t\t\t<\/div>\n\t\t<\/section>\n\t\t\t\t\t<\/div>\n\t\t<\/div>\n\t\t\t\t\t<\/div>\n\t\t<\/section>\n\t\t\t\t<\/div>","protected":false},"excerpt":{"rendered":"<p>Garantie voorwaarden en afhandeling In het uitzonderlijke geval dat er aanspraak gemaakt moet worden op garantie zal getracht worden dit zo spoedig mogelijk te verzorgen. Het betreffende artikel dient, samen met het aankoopbewijs (handgeschreven bonnen worden niet geaccepteerd) en de Oranje (volledig ingevulde) garantiekaart te worden ingeleverd op het adres van aankoop. Bij het ontbreken [&hellip;]<\/p>\n","protected":false},"author":1,"featured_media":989,"parent":0,"menu_order":8,"comment_status":"closed","ping_status":"closed","template":"","meta":{"_acf_changed":false,"footnotes":""},"class_list":["post-252","page","type-page","status-publish","has-post-thumbnail","hentry"],"acf":[],"aioseo_notices":[],"_links":{"self":[{"href":"https:\/\/ventureheat.eu\/pt\/wp-json\/wp\/v2\/pages\/252","targetHints":{"allow":["GET"]}}],"collection":[{"href":"https:\/\/ventureheat.eu\/pt\/wp-json\/wp\/v2\/pages"}],"about":[{"href":"https:\/\/ventureheat.eu\/pt\/wp-json\/wp\/v2\/types\/page"}],"author":[{"embeddable":true,"href":"https:\/\/ventureheat.eu\/pt\/wp-json\/wp\/v2\/users\/1"}],"replies":[{"embeddable":true,"href":"https:\/\/ventureheat.eu\/pt\/wp-json\/wp\/v2\/comments?post=252"}],"version-history":[{"count":0,"href":"https:\/\/ventureheat.eu\/pt\/wp-json\/wp\/v2\/pages\/252\/revisions"}],"wp:featuredmedia":[{"embeddable":true,"href":"https:\/\/ventureheat.eu\/pt\/wp-json\/wp\/v2\/media\/989"}],"wp:attachment":[{"href":"https:\/\/ventureheat.eu\/pt\/wp-json\/wp\/v2\/media?parent=252"}],"curies":[{"name":"wp","href":"https:\/\/api.w.org\/{rel}","templated":true}]}}