{"id":252,"date":"2022-09-22T08:32:59","date_gmt":"2022-09-22T08:32:59","guid":{"rendered":"https:\/\/ventureheat.eu\/?page_id=252"},"modified":"2023-01-05T11:40:56","modified_gmt":"2023-01-05T11:40:56","slug":"garantie","status":"publish","type":"page","link":"https:\/\/ventureheat.eu\/fr\/garantie\/","title":{"rendered":"Garantie"},"content":{"rendered":"<div data-elementor-type=\"wp-page\" data-elementor-id=\"252\" class=\"elementor elementor-252\" data-elementor-post-type=\"page\">\n\t\t\t\t\t\t<section class=\"has_ae_slider elementor-section elementor-top-section elementor-element elementor-element-0a4295b elementor-section-boxed elementor-section-height-default elementor-section-height-default ae-bg-gallery-type-default\" data-id=\"0a4295b\" data-element_type=\"section\" data-e-type=\"section\" data-settings=\"{&quot;background_background&quot;:&quot;classic&quot;}\">\n\t\t\t\t\t\t\t<div class=\"elementor-background-overlay\"><\/div>\n\t\t\t\t\t\t\t<div class=\"elementor-container elementor-column-gap-default\">\n\t\t\t\t\t<div class=\"has_ae_slider elementor-column elementor-col-100 elementor-top-column elementor-element elementor-element-a55ed75 ae-bg-gallery-type-default\" data-id=\"a55ed75\" data-element_type=\"column\" data-e-type=\"column\">\n\t\t\t<div class=\"elementor-widget-wrap elementor-element-populated\">\n\t\t\t\t\t\t<section class=\"has_ae_slider elementor-section elementor-inner-section elementor-element elementor-element-20578dc elementor-section-boxed elementor-section-height-default elementor-section-height-default ae-bg-gallery-type-default\" data-id=\"20578dc\" data-element_type=\"section\" data-e-type=\"section\">\n\t\t\t\t\t\t<div class=\"elementor-container elementor-column-gap-default\">\n\t\t\t\t\t<div class=\"has_ae_slider elementor-column elementor-col-100 elementor-inner-column elementor-element elementor-element-ae5d4ee animated-slow ae-bg-gallery-type-default elementor-invisible\" data-id=\"ae5d4ee\" data-element_type=\"column\" data-e-type=\"column\" data-settings=\"{&quot;animation&quot;:&quot;fadeIn&quot;}\">\n\t\t\t<div class=\"elementor-widget-wrap elementor-element-populated\">\n\t\t\t\t\t\t<div class=\"elementor-element elementor-element-4a79ff3 animated-slow elementor-invisible elementor-widget elementor-widget-heading\" data-id=\"4a79ff3\" data-element_type=\"widget\" data-e-type=\"widget\" data-settings=\"{&quot;_animation&quot;:&quot;fadeIn&quot;,&quot;_animation_delay&quot;:900}\" data-widget_type=\"heading.default\">\n\t\t\t\t<div class=\"elementor-widget-container\">\n\t\t\t\t\t<h2 class=\"elementor-heading-title elementor-size-default\">Conditions de garantie et traitement<\/h2>\t\t\t\t<\/div>\n\t\t\t\t<\/div>\n\t\t\t\t\t<\/div>\n\t\t<\/div>\n\t\t\t\t\t<\/div>\n\t\t<\/section>\n\t\t\t\t\t<\/div>\n\t\t<\/div>\n\t\t\t\t\t<\/div>\n\t\t<\/section>\n\t\t\t\t<section class=\"has_ae_slider elementor-section elementor-top-section elementor-element elementor-element-de36e01 elementor-section-boxed elementor-section-height-default elementor-section-height-default ae-bg-gallery-type-default\" data-id=\"de36e01\" data-element_type=\"section\" data-e-type=\"section\">\n\t\t\t\t\t\t<div class=\"elementor-container elementor-column-gap-default\">\n\t\t\t\t\t<div class=\"has_ae_slider elementor-column elementor-col-100 elementor-top-column elementor-element elementor-element-5ee9cfb ae-bg-gallery-type-default\" data-id=\"5ee9cfb\" data-element_type=\"column\" data-e-type=\"column\">\n\t\t\t<div class=\"elementor-widget-wrap elementor-element-populated\">\n\t\t\t\t\t\t<section class=\"has_ae_slider elementor-section elementor-inner-section elementor-element elementor-element-5c202f7 elementor-section-boxed elementor-section-height-default elementor-section-height-default ae-bg-gallery-type-default\" data-id=\"5c202f7\" data-element_type=\"section\" data-e-type=\"section\">\n\t\t\t\t\t\t<div class=\"elementor-container elementor-column-gap-default\">\n\t\t\t\t\t<div class=\"has_ae_slider elementor-column elementor-col-50 elementor-inner-column elementor-element elementor-element-760b277 ae-bg-gallery-type-default\" data-id=\"760b277\" data-element_type=\"column\" data-e-type=\"column\">\n\t\t\t<div class=\"elementor-widget-wrap elementor-element-populated\">\n\t\t\t\t\t\t<div class=\"elementor-element elementor-element-658971d elementor-widget elementor-widget-text-editor\" data-id=\"658971d\" data-element_type=\"widget\" data-e-type=\"widget\" data-widget_type=\"text-editor.default\">\n\t\t\t\t<div class=\"elementor-widget-container\">\n\t\t\t\t\t\t\t\t\t<p class=\"p1\">Dans le cas exceptionnel o\u00f9 une demande de garantie doit \u00eatre faite, nous nous efforcerons de la prendre en charge dans les meilleurs d\u00e9lais. <br \/>L'article en question, accompagn\u00e9 de la preuve d'achat (les re\u00e7us manuscrits ne seront pas accept\u00e9s) et de la carte de garantie Orange (d\u00fbment remplie) doit \u00eatre retourn\u00e9 \u00e0 l'adresse d'achat. En l'absence de la preuve d'achat et de la carte de garantie, aucune garantie ne peut \u00eatre accord\u00e9e. L'article sera trait\u00e9 comme une r\u00e9paration. <br \/>N'oubliez pas d'inclure une description claire de la faute. Cela permettra d'acc\u00e9l\u00e9rer le processus de traitement. Le vendeur s'occupera de la gestion des autres garanties.<\/p>\t\t\t\t\t\t\t\t<\/div>\n\t\t\t\t<\/div>\n\t\t\t\t\t<\/div>\n\t\t<\/div>\n\t\t\t\t<div class=\"has_ae_slider elementor-column elementor-col-50 elementor-inner-column elementor-element elementor-element-be4f4ef ae-bg-gallery-type-default\" data-id=\"be4f4ef\" data-element_type=\"column\" data-e-type=\"column\">\n\t\t\t<div class=\"elementor-widget-wrap elementor-element-populated\">\n\t\t\t\t\t\t<div class=\"elementor-element elementor-element-8c63758 elementor-widget elementor-widget-image\" data-id=\"8c63758\" data-element_type=\"widget\" data-e-type=\"widget\" data-widget_type=\"image.default\">\n\t\t\t\t<div class=\"elementor-widget-container\">\n\t\t\t\t\t\t\t\t\t\t\t\t\t\t\t<img fetchpriority=\"high\" decoding=\"async\" width=\"800\" height=\"800\" src=\"https:\/\/ventureheat.eu\/wp-content\/uploads\/2023\/01\/Venture-Heat-2-Side-heat.png\" class=\"attachment-large size-large wp-image-1344\" alt=\"\" srcset=\"https:\/\/ventureheat.eu\/wp-content\/uploads\/2023\/01\/Venture-Heat-2-Side-heat.png 1000w, https:\/\/ventureheat.eu\/wp-content\/uploads\/2023\/01\/Venture-Heat-2-Side-heat-300x300.png 300w, https:\/\/ventureheat.eu\/wp-content\/uploads\/2023\/01\/Venture-Heat-2-Side-heat-150x150.png 150w, https:\/\/ventureheat.eu\/wp-content\/uploads\/2023\/01\/Venture-Heat-2-Side-heat-768x768.png 768w, https:\/\/ventureheat.eu\/wp-content\/uploads\/2023\/01\/Venture-Heat-2-Side-heat-12x12.png 12w\" sizes=\"(max-width: 800px) 100vw, 800px\" \/>\t\t\t\t\t\t\t\t\t\t\t\t\t\t\t<\/div>\n\t\t\t\t<\/div>\n\t\t\t\t\t<\/div>\n\t\t<\/div>\n\t\t\t\t\t<\/div>\n\t\t<\/section>\n\t\t\t\t<section class=\"has_ae_slider elementor-section elementor-inner-section elementor-element elementor-element-65ca7c3 elementor-section-boxed elementor-section-height-default elementor-section-height-default ae-bg-gallery-type-default\" data-id=\"65ca7c3\" data-element_type=\"section\" data-e-type=\"section\">\n\t\t\t\t\t\t<div class=\"elementor-container elementor-column-gap-default\">\n\t\t\t\t\t<div class=\"has_ae_slider elementor-column elementor-col-100 elementor-inner-column elementor-element elementor-element-1e53d31 ae-bg-gallery-type-default\" data-id=\"1e53d31\" data-element_type=\"column\" data-e-type=\"column\">\n\t\t\t<div class=\"elementor-widget-wrap elementor-element-populated\">\n\t\t\t\t\t\t<div class=\"elementor-element elementor-element-5c5dc08 elementor-widget elementor-widget-text-editor\" data-id=\"5c5dc08\" data-element_type=\"widget\" data-e-type=\"widget\" data-widget_type=\"text-editor.default\">\n\t\t\t\t<div class=\"elementor-widget-container\">\n\t\t\t\t\t\t\t\t\t<p class=\"p1\">Chez Venture Heat, nous nous engageons \u00e0 fournir \u00e0 nos clients les meilleurs produits et services. Tous les produits sont vendus avec une garantie du fabricant, sauf indication contraire. La garantie du fabricant couvre :<\/p><p class=\"p1\">1. Les sous-v\u00eatements chauffants Venture Heat (y compris l'\u00e9l\u00e9ment chauffant, le contr\u00f4leur, le chargeur, l'adaptateur et la t\u00e9l\u00e9commande) sont couverts par une garantie de 2 ans \u00e0 compter de la date d'achat.\u00a0<\/p><p class=\"p1\">2. Les piles Venture Heat sont des consommables et b\u00e9n\u00e9ficient d'une garantie limit\u00e9e de 6 mois \u00e0 compter de la date d'achat.<\/p><p>\u00a0<\/p><p class=\"p1\">Les r\u00e9parations des produits Venture Heat peuvent \u00eatre d\u00e9pos\u00e9es chez n'importe quel revendeur Venture Heat. Les r\u00e9parations feront toujours l'objet d'un devis pr\u00e9alable. En cas de r\u00e9paration, des frais d'examen seront toujours factur\u00e9s. Le devis de r\u00e9paration inclut ces frais d'inspection dans le prix. En cas de retour non r\u00e9par\u00e9, ces frais seront factur\u00e9s s\u00e9par\u00e9ment.<\/p><p class=\"p1\">Il n'est pas possible de soumettre des demandes de garantie ou des r\u00e9parations directement \u00e0 Venture Heat Europe.<\/p>\t\t\t\t\t\t\t\t<\/div>\n\t\t\t\t<\/div>\n\t\t\t\t\t<\/div>\n\t\t<\/div>\n\t\t\t\t\t<\/div>\n\t\t<\/section>\n\t\t\t\t\t<\/div>\n\t\t<\/div>\n\t\t\t\t\t<\/div>\n\t\t<\/section>\n\t\t\t\t<\/div>","protected":false},"excerpt":{"rendered":"<p>Garantie voorwaarden en afhandeling In het uitzonderlijke geval dat er aanspraak gemaakt moet worden op garantie zal getracht worden dit zo spoedig mogelijk te verzorgen. Het betreffende artikel dient, samen met het aankoopbewijs (handgeschreven bonnen worden niet geaccepteerd) en de Oranje (volledig ingevulde) garantiekaart te worden ingeleverd op het adres van aankoop. Bij het ontbreken [&hellip;]<\/p>\n","protected":false},"author":1,"featured_media":989,"parent":0,"menu_order":8,"comment_status":"closed","ping_status":"closed","template":"","meta":{"_acf_changed":false,"footnotes":""},"class_list":["post-252","page","type-page","status-publish","has-post-thumbnail","hentry"],"acf":[],"aioseo_notices":[],"_links":{"self":[{"href":"https:\/\/ventureheat.eu\/fr\/wp-json\/wp\/v2\/pages\/252","targetHints":{"allow":["GET"]}}],"collection":[{"href":"https:\/\/ventureheat.eu\/fr\/wp-json\/wp\/v2\/pages"}],"about":[{"href":"https:\/\/ventureheat.eu\/fr\/wp-json\/wp\/v2\/types\/page"}],"author":[{"embeddable":true,"href":"https:\/\/ventureheat.eu\/fr\/wp-json\/wp\/v2\/users\/1"}],"replies":[{"embeddable":true,"href":"https:\/\/ventureheat.eu\/fr\/wp-json\/wp\/v2\/comments?post=252"}],"version-history":[{"count":0,"href":"https:\/\/ventureheat.eu\/fr\/wp-json\/wp\/v2\/pages\/252\/revisions"}],"wp:featuredmedia":[{"embeddable":true,"href":"https:\/\/ventureheat.eu\/fr\/wp-json\/wp\/v2\/media\/989"}],"wp:attachment":[{"href":"https:\/\/ventureheat.eu\/fr\/wp-json\/wp\/v2\/media?parent=252"}],"curies":[{"name":"wp","href":"https:\/\/api.w.org\/{rel}","templated":true}]}}