{"id":252,"date":"2022-09-22T08:32:59","date_gmt":"2022-09-22T08:32:59","guid":{"rendered":"https:\/\/ventureheat.eu\/?page_id=252"},"modified":"2023-01-05T11:40:56","modified_gmt":"2023-01-05T11:40:56","slug":"garantie","status":"publish","type":"page","link":"https:\/\/ventureheat.eu\/fi\/garantie\/","title":{"rendered":"Takuu"},"content":{"rendered":"<div data-elementor-type=\"wp-page\" data-elementor-id=\"252\" class=\"elementor elementor-252\" data-elementor-post-type=\"page\">\n\t\t\t\t\t\t<section class=\"has_ae_slider elementor-section elementor-top-section elementor-element elementor-element-0a4295b elementor-section-boxed elementor-section-height-default elementor-section-height-default ae-bg-gallery-type-default\" data-id=\"0a4295b\" data-element_type=\"section\" data-e-type=\"section\" data-settings=\"{&quot;background_background&quot;:&quot;classic&quot;}\">\n\t\t\t\t\t\t\t<div class=\"elementor-background-overlay\"><\/div>\n\t\t\t\t\t\t\t<div class=\"elementor-container elementor-column-gap-default\">\n\t\t\t\t\t<div class=\"has_ae_slider elementor-column elementor-col-100 elementor-top-column elementor-element elementor-element-a55ed75 ae-bg-gallery-type-default\" data-id=\"a55ed75\" data-element_type=\"column\" data-e-type=\"column\">\n\t\t\t<div class=\"elementor-widget-wrap elementor-element-populated\">\n\t\t\t\t\t\t<section class=\"has_ae_slider elementor-section elementor-inner-section elementor-element elementor-element-20578dc elementor-section-boxed elementor-section-height-default elementor-section-height-default ae-bg-gallery-type-default\" data-id=\"20578dc\" data-element_type=\"section\" data-e-type=\"section\">\n\t\t\t\t\t\t<div class=\"elementor-container elementor-column-gap-default\">\n\t\t\t\t\t<div class=\"has_ae_slider elementor-column elementor-col-100 elementor-inner-column elementor-element elementor-element-ae5d4ee animated-slow ae-bg-gallery-type-default elementor-invisible\" data-id=\"ae5d4ee\" data-element_type=\"column\" data-e-type=\"column\" data-settings=\"{&quot;animation&quot;:&quot;fadeIn&quot;}\">\n\t\t\t<div class=\"elementor-widget-wrap elementor-element-populated\">\n\t\t\t\t\t\t<div class=\"elementor-element elementor-element-4a79ff3 animated-slow elementor-invisible elementor-widget elementor-widget-heading\" data-id=\"4a79ff3\" data-element_type=\"widget\" data-e-type=\"widget\" data-settings=\"{&quot;_animation&quot;:&quot;fadeIn&quot;,&quot;_animation_delay&quot;:900}\" data-widget_type=\"heading.default\">\n\t\t\t\t<div class=\"elementor-widget-container\">\n\t\t\t\t\t<h2 class=\"elementor-heading-title elementor-size-default\">Takuuehdot ja k\u00e4sittely<\/h2>\t\t\t\t<\/div>\n\t\t\t\t<\/div>\n\t\t\t\t\t<\/div>\n\t\t<\/div>\n\t\t\t\t\t<\/div>\n\t\t<\/section>\n\t\t\t\t\t<\/div>\n\t\t<\/div>\n\t\t\t\t\t<\/div>\n\t\t<\/section>\n\t\t\t\t<section class=\"has_ae_slider elementor-section elementor-top-section elementor-element elementor-element-de36e01 elementor-section-boxed elementor-section-height-default elementor-section-height-default ae-bg-gallery-type-default\" data-id=\"de36e01\" data-element_type=\"section\" data-e-type=\"section\">\n\t\t\t\t\t\t<div class=\"elementor-container elementor-column-gap-default\">\n\t\t\t\t\t<div class=\"has_ae_slider elementor-column elementor-col-100 elementor-top-column elementor-element elementor-element-5ee9cfb ae-bg-gallery-type-default\" data-id=\"5ee9cfb\" data-element_type=\"column\" data-e-type=\"column\">\n\t\t\t<div class=\"elementor-widget-wrap elementor-element-populated\">\n\t\t\t\t\t\t<section class=\"has_ae_slider elementor-section elementor-inner-section elementor-element elementor-element-5c202f7 elementor-section-boxed elementor-section-height-default elementor-section-height-default ae-bg-gallery-type-default\" data-id=\"5c202f7\" data-element_type=\"section\" data-e-type=\"section\">\n\t\t\t\t\t\t<div class=\"elementor-container elementor-column-gap-default\">\n\t\t\t\t\t<div class=\"has_ae_slider elementor-column elementor-col-50 elementor-inner-column elementor-element elementor-element-760b277 ae-bg-gallery-type-default\" data-id=\"760b277\" data-element_type=\"column\" data-e-type=\"column\">\n\t\t\t<div class=\"elementor-widget-wrap elementor-element-populated\">\n\t\t\t\t\t\t<div class=\"elementor-element elementor-element-658971d elementor-widget elementor-widget-text-editor\" data-id=\"658971d\" data-element_type=\"widget\" data-e-type=\"widget\" data-widget_type=\"text-editor.default\">\n\t\t\t\t<div class=\"elementor-widget-container\">\n\t\t\t\t\t\t\t\t\t<p class=\"p1\">Poikkeustapauksessa, jos takuuvaatimus on teht\u00e4v\u00e4, se pyrit\u00e4\u00e4n hoitamaan mahdollisimman pian. <br \/>Kyseinen tuote on palautettava yhdess\u00e4 ostotodistuksen (k\u00e4sinkirjoitettuja kuitteja ei hyv\u00e4ksyt\u00e4) ja Orangen (t\u00e4ysin t\u00e4ytetyn) takuukortin kanssa osto-osoitteeseen. Jos ostotodistusta ja takuukorttia ei ole, takuuta ei voida my\u00f6nt\u00e4\u00e4. Tuotetta k\u00e4sitell\u00e4\u00e4n korjauksena. <br \/>\u00c4l\u00e4 unohda liitt\u00e4\u00e4 mukaan selke\u00e4\u00e4 kuvausta viasta. T\u00e4m\u00e4 nopeuttaa k\u00e4sittelyprosessia. Myyj\u00e4 huolehtii takuun jatkok\u00e4sittelyst\u00e4.<\/p>\t\t\t\t\t\t\t\t<\/div>\n\t\t\t\t<\/div>\n\t\t\t\t\t<\/div>\n\t\t<\/div>\n\t\t\t\t<div class=\"has_ae_slider elementor-column elementor-col-50 elementor-inner-column elementor-element elementor-element-be4f4ef ae-bg-gallery-type-default\" data-id=\"be4f4ef\" data-element_type=\"column\" data-e-type=\"column\">\n\t\t\t<div class=\"elementor-widget-wrap elementor-element-populated\">\n\t\t\t\t\t\t<div class=\"elementor-element elementor-element-8c63758 elementor-widget elementor-widget-image\" data-id=\"8c63758\" data-element_type=\"widget\" data-e-type=\"widget\" data-widget_type=\"image.default\">\n\t\t\t\t<div class=\"elementor-widget-container\">\n\t\t\t\t\t\t\t\t\t\t\t\t\t\t\t<img fetchpriority=\"high\" decoding=\"async\" width=\"800\" height=\"800\" src=\"https:\/\/ventureheat.eu\/wp-content\/uploads\/2023\/01\/Venture-Heat-2-Side-heat.png\" class=\"attachment-large size-large wp-image-1344\" alt=\"\" srcset=\"https:\/\/ventureheat.eu\/wp-content\/uploads\/2023\/01\/Venture-Heat-2-Side-heat.png 1000w, https:\/\/ventureheat.eu\/wp-content\/uploads\/2023\/01\/Venture-Heat-2-Side-heat-300x300.png 300w, https:\/\/ventureheat.eu\/wp-content\/uploads\/2023\/01\/Venture-Heat-2-Side-heat-150x150.png 150w, https:\/\/ventureheat.eu\/wp-content\/uploads\/2023\/01\/Venture-Heat-2-Side-heat-768x768.png 768w, https:\/\/ventureheat.eu\/wp-content\/uploads\/2023\/01\/Venture-Heat-2-Side-heat-12x12.png 12w\" sizes=\"(max-width: 800px) 100vw, 800px\" \/>\t\t\t\t\t\t\t\t\t\t\t\t\t\t\t<\/div>\n\t\t\t\t<\/div>\n\t\t\t\t\t<\/div>\n\t\t<\/div>\n\t\t\t\t\t<\/div>\n\t\t<\/section>\n\t\t\t\t<section class=\"has_ae_slider elementor-section elementor-inner-section elementor-element elementor-element-65ca7c3 elementor-section-boxed elementor-section-height-default elementor-section-height-default ae-bg-gallery-type-default\" data-id=\"65ca7c3\" data-element_type=\"section\" data-e-type=\"section\">\n\t\t\t\t\t\t<div class=\"elementor-container elementor-column-gap-default\">\n\t\t\t\t\t<div class=\"has_ae_slider elementor-column elementor-col-100 elementor-inner-column elementor-element elementor-element-1e53d31 ae-bg-gallery-type-default\" data-id=\"1e53d31\" data-element_type=\"column\" data-e-type=\"column\">\n\t\t\t<div class=\"elementor-widget-wrap elementor-element-populated\">\n\t\t\t\t\t\t<div class=\"elementor-element elementor-element-5c5dc08 elementor-widget elementor-widget-text-editor\" data-id=\"5c5dc08\" data-element_type=\"widget\" data-e-type=\"widget\" data-widget_type=\"text-editor.default\">\n\t\t\t\t<div class=\"elementor-widget-container\">\n\t\t\t\t\t\t\t\t\t<p class=\"p1\">Venture Heat on sitoutunut tarjoamaan asiakkaillemme parhaat tuotteet ja palvelut. Kaikilla tuotteilla on valmistajan takuu, ellei toisin mainita. Valmistajan takuu kattaa:<\/p><p class=\"p1\">1. Venture Heat -l\u00e4mmitteisill\u00e4 alusvaatteilla (mukaan lukien l\u00e4mmityselementti, ohjain, laturi, sovitin ja kaukos\u00e4\u00e4din) on 2 vuoden takuu ostop\u00e4iv\u00e4st\u00e4.\u00a0<\/p><p class=\"p1\">2. Venture Heat -akut ovat kulutushy\u00f6dykkeit\u00e4, ja niill\u00e4 on rajoitettu 6 kuukauden takuu ostop\u00e4iv\u00e4st\u00e4.<\/p><p>\u00a0<\/p><p class=\"p1\">Venture Heat -tuotteiden korjaukset voi toimittaa mihin tahansa Venture Heat -j\u00e4lleenmyyj\u00e4lle. Korjaukset ilmoitetaan aina etuk\u00e4teen. Korjaustapauksissa veloitetaan aina tutkimuskustannukset. Korjaustarjous sis\u00e4lt\u00e4\u00e4 n\u00e4m\u00e4 tarkastuskustannukset hintaan. Jos palautus on korjaamaton, n\u00e4m\u00e4 kustannukset veloitetaan erikseen.<\/p><p class=\"p1\">Takuuvaatimuksia tai korjauksia ei ole mahdollista esitt\u00e4\u00e4 suoraan Venture Heat Europelle.<\/p>\t\t\t\t\t\t\t\t<\/div>\n\t\t\t\t<\/div>\n\t\t\t\t\t<\/div>\n\t\t<\/div>\n\t\t\t\t\t<\/div>\n\t\t<\/section>\n\t\t\t\t\t<\/div>\n\t\t<\/div>\n\t\t\t\t\t<\/div>\n\t\t<\/section>\n\t\t\t\t<\/div>","protected":false},"excerpt":{"rendered":"<p>Garantie voorwaarden en afhandeling In het uitzonderlijke geval dat er aanspraak gemaakt moet worden op garantie zal getracht worden dit zo spoedig mogelijk te verzorgen. Het betreffende artikel dient, samen met het aankoopbewijs (handgeschreven bonnen worden niet geaccepteerd) en de Oranje (volledig ingevulde) garantiekaart te worden ingeleverd op het adres van aankoop. Bij het ontbreken [&hellip;]<\/p>\n","protected":false},"author":1,"featured_media":989,"parent":0,"menu_order":8,"comment_status":"closed","ping_status":"closed","template":"","meta":{"_acf_changed":false,"footnotes":""},"class_list":["post-252","page","type-page","status-publish","has-post-thumbnail","hentry"],"acf":[],"aioseo_notices":[],"_links":{"self":[{"href":"https:\/\/ventureheat.eu\/fi\/wp-json\/wp\/v2\/pages\/252","targetHints":{"allow":["GET"]}}],"collection":[{"href":"https:\/\/ventureheat.eu\/fi\/wp-json\/wp\/v2\/pages"}],"about":[{"href":"https:\/\/ventureheat.eu\/fi\/wp-json\/wp\/v2\/types\/page"}],"author":[{"embeddable":true,"href":"https:\/\/ventureheat.eu\/fi\/wp-json\/wp\/v2\/users\/1"}],"replies":[{"embeddable":true,"href":"https:\/\/ventureheat.eu\/fi\/wp-json\/wp\/v2\/comments?post=252"}],"version-history":[{"count":0,"href":"https:\/\/ventureheat.eu\/fi\/wp-json\/wp\/v2\/pages\/252\/revisions"}],"wp:featuredmedia":[{"embeddable":true,"href":"https:\/\/ventureheat.eu\/fi\/wp-json\/wp\/v2\/media\/989"}],"wp:attachment":[{"href":"https:\/\/ventureheat.eu\/fi\/wp-json\/wp\/v2\/media?parent=252"}],"curies":[{"name":"wp","href":"https:\/\/api.w.org\/{rel}","templated":true}]}}