{"id":252,"date":"2022-09-22T08:32:59","date_gmt":"2022-09-22T08:32:59","guid":{"rendered":"https:\/\/ventureheat.eu\/?page_id=252"},"modified":"2023-01-05T11:40:56","modified_gmt":"2023-01-05T11:40:56","slug":"garantie","status":"publish","type":"page","link":"https:\/\/ventureheat.eu\/da\/garantie\/","title":{"rendered":"Garanti"},"content":{"rendered":"<div data-elementor-type=\"wp-page\" data-elementor-id=\"252\" class=\"elementor elementor-252\" data-elementor-post-type=\"page\">\n\t\t\t\t\t\t<section class=\"has_ae_slider elementor-section elementor-top-section elementor-element elementor-element-0a4295b elementor-section-boxed elementor-section-height-default elementor-section-height-default ae-bg-gallery-type-default\" data-id=\"0a4295b\" data-element_type=\"section\" data-e-type=\"section\" data-settings=\"{&quot;background_background&quot;:&quot;classic&quot;}\">\n\t\t\t\t\t\t\t<div class=\"elementor-background-overlay\"><\/div>\n\t\t\t\t\t\t\t<div class=\"elementor-container elementor-column-gap-default\">\n\t\t\t\t\t<div class=\"has_ae_slider elementor-column elementor-col-100 elementor-top-column elementor-element elementor-element-a55ed75 ae-bg-gallery-type-default\" data-id=\"a55ed75\" data-element_type=\"column\" data-e-type=\"column\">\n\t\t\t<div class=\"elementor-widget-wrap elementor-element-populated\">\n\t\t\t\t\t\t<section class=\"has_ae_slider elementor-section elementor-inner-section elementor-element elementor-element-20578dc elementor-section-boxed elementor-section-height-default elementor-section-height-default ae-bg-gallery-type-default\" data-id=\"20578dc\" data-element_type=\"section\" data-e-type=\"section\">\n\t\t\t\t\t\t<div class=\"elementor-container elementor-column-gap-default\">\n\t\t\t\t\t<div class=\"has_ae_slider elementor-column elementor-col-100 elementor-inner-column elementor-element elementor-element-ae5d4ee animated-slow ae-bg-gallery-type-default elementor-invisible\" data-id=\"ae5d4ee\" data-element_type=\"column\" data-e-type=\"column\" data-settings=\"{&quot;animation&quot;:&quot;fadeIn&quot;}\">\n\t\t\t<div class=\"elementor-widget-wrap elementor-element-populated\">\n\t\t\t\t\t\t<div class=\"elementor-element elementor-element-4a79ff3 animated-slow elementor-invisible elementor-widget elementor-widget-heading\" data-id=\"4a79ff3\" data-element_type=\"widget\" data-e-type=\"widget\" data-settings=\"{&quot;_animation&quot;:&quot;fadeIn&quot;,&quot;_animation_delay&quot;:900}\" data-widget_type=\"heading.default\">\n\t\t\t\t<div class=\"elementor-widget-container\">\n\t\t\t\t\t<h2 class=\"elementor-heading-title elementor-size-default\">Garantibetingelser og h\u00e5ndtering<\/h2>\t\t\t\t<\/div>\n\t\t\t\t<\/div>\n\t\t\t\t\t<\/div>\n\t\t<\/div>\n\t\t\t\t\t<\/div>\n\t\t<\/section>\n\t\t\t\t\t<\/div>\n\t\t<\/div>\n\t\t\t\t\t<\/div>\n\t\t<\/section>\n\t\t\t\t<section class=\"has_ae_slider elementor-section elementor-top-section elementor-element elementor-element-de36e01 elementor-section-boxed elementor-section-height-default elementor-section-height-default ae-bg-gallery-type-default\" data-id=\"de36e01\" data-element_type=\"section\" data-e-type=\"section\">\n\t\t\t\t\t\t<div class=\"elementor-container elementor-column-gap-default\">\n\t\t\t\t\t<div class=\"has_ae_slider elementor-column elementor-col-100 elementor-top-column elementor-element elementor-element-5ee9cfb ae-bg-gallery-type-default\" data-id=\"5ee9cfb\" data-element_type=\"column\" data-e-type=\"column\">\n\t\t\t<div class=\"elementor-widget-wrap elementor-element-populated\">\n\t\t\t\t\t\t<section class=\"has_ae_slider elementor-section elementor-inner-section elementor-element elementor-element-5c202f7 elementor-section-boxed elementor-section-height-default elementor-section-height-default ae-bg-gallery-type-default\" data-id=\"5c202f7\" data-element_type=\"section\" data-e-type=\"section\">\n\t\t\t\t\t\t<div class=\"elementor-container elementor-column-gap-default\">\n\t\t\t\t\t<div class=\"has_ae_slider elementor-column elementor-col-50 elementor-inner-column elementor-element elementor-element-760b277 ae-bg-gallery-type-default\" data-id=\"760b277\" data-element_type=\"column\" data-e-type=\"column\">\n\t\t\t<div class=\"elementor-widget-wrap elementor-element-populated\">\n\t\t\t\t\t\t<div class=\"elementor-element elementor-element-658971d elementor-widget elementor-widget-text-editor\" data-id=\"658971d\" data-element_type=\"widget\" data-e-type=\"widget\" data-widget_type=\"text-editor.default\">\n\t\t\t\t<div class=\"elementor-widget-container\">\n\t\t\t\t\t\t\t\t\t<p class=\"p1\">I det ekstraordin\u00e6re tilf\u00e6lde, hvor der skal g\u00f8res krav p\u00e5 garantien, vil der blive gjort en indsats for at tage sig af dette s\u00e5 hurtigt som muligt. <br \/>Den p\u00e5g\u00e6ldende vare skal sammen med k\u00f8bsbeviset (h\u00e5ndskrevne kvitteringer accepteres ikke) og det orange (fuldt udfyldte) garantikort returneres til k\u00f8bsadressen. Hvis k\u00f8bsbeviset og garantibeviset ikke foreligger, kan der ikke ydes nogen garanti. Varen vil blive behandlet som en reparation. <br \/>Glem ikke at medtage en klar beskrivelse af fejlen. Dette vil fremskynde h\u00e5ndteringsprocessen. S\u00e6lgeren tager sig af den videre h\u00e5ndtering af garantien.<\/p>\t\t\t\t\t\t\t\t<\/div>\n\t\t\t\t<\/div>\n\t\t\t\t\t<\/div>\n\t\t<\/div>\n\t\t\t\t<div class=\"has_ae_slider elementor-column elementor-col-50 elementor-inner-column elementor-element elementor-element-be4f4ef ae-bg-gallery-type-default\" data-id=\"be4f4ef\" data-element_type=\"column\" data-e-type=\"column\">\n\t\t\t<div class=\"elementor-widget-wrap elementor-element-populated\">\n\t\t\t\t\t\t<div class=\"elementor-element elementor-element-8c63758 elementor-widget elementor-widget-image\" data-id=\"8c63758\" data-element_type=\"widget\" data-e-type=\"widget\" data-widget_type=\"image.default\">\n\t\t\t\t<div class=\"elementor-widget-container\">\n\t\t\t\t\t\t\t\t\t\t\t\t\t\t\t<img fetchpriority=\"high\" decoding=\"async\" width=\"800\" height=\"800\" src=\"https:\/\/ventureheat.eu\/wp-content\/uploads\/2023\/01\/Venture-Heat-2-Side-heat.png\" class=\"attachment-large size-large wp-image-1344\" alt=\"\" srcset=\"https:\/\/ventureheat.eu\/wp-content\/uploads\/2023\/01\/Venture-Heat-2-Side-heat.png 1000w, https:\/\/ventureheat.eu\/wp-content\/uploads\/2023\/01\/Venture-Heat-2-Side-heat-300x300.png 300w, https:\/\/ventureheat.eu\/wp-content\/uploads\/2023\/01\/Venture-Heat-2-Side-heat-150x150.png 150w, https:\/\/ventureheat.eu\/wp-content\/uploads\/2023\/01\/Venture-Heat-2-Side-heat-768x768.png 768w, https:\/\/ventureheat.eu\/wp-content\/uploads\/2023\/01\/Venture-Heat-2-Side-heat-12x12.png 12w\" sizes=\"(max-width: 800px) 100vw, 800px\" \/>\t\t\t\t\t\t\t\t\t\t\t\t\t\t\t<\/div>\n\t\t\t\t<\/div>\n\t\t\t\t\t<\/div>\n\t\t<\/div>\n\t\t\t\t\t<\/div>\n\t\t<\/section>\n\t\t\t\t<section class=\"has_ae_slider elementor-section elementor-inner-section elementor-element elementor-element-65ca7c3 elementor-section-boxed elementor-section-height-default elementor-section-height-default ae-bg-gallery-type-default\" data-id=\"65ca7c3\" data-element_type=\"section\" data-e-type=\"section\">\n\t\t\t\t\t\t<div class=\"elementor-container elementor-column-gap-default\">\n\t\t\t\t\t<div class=\"has_ae_slider elementor-column elementor-col-100 elementor-inner-column elementor-element elementor-element-1e53d31 ae-bg-gallery-type-default\" data-id=\"1e53d31\" data-element_type=\"column\" data-e-type=\"column\">\n\t\t\t<div class=\"elementor-widget-wrap elementor-element-populated\">\n\t\t\t\t\t\t<div class=\"elementor-element elementor-element-5c5dc08 elementor-widget elementor-widget-text-editor\" data-id=\"5c5dc08\" data-element_type=\"widget\" data-e-type=\"widget\" data-widget_type=\"text-editor.default\">\n\t\t\t\t<div class=\"elementor-widget-container\">\n\t\t\t\t\t\t\t\t\t<p class=\"p1\">Hos Venture Heat er vi forpligtet til at give vores kunder de bedste produkter og tjenester. Alle produkter s\u00e6lges med en producentgaranti, medmindre andet er angivet. Producentens garanti d\u00e6kker:<\/p><p class=\"p1\">1. Venture Heat opvarmet undert\u00f8j (inklusive varmeelement, controller, oplader, adapter og fjernbetjening) leveres med 2 \u00e5rs garanti fra k\u00f8bsdatoen.\u00a0<\/p><p class=\"p1\">2. Venture Heat-batterier er en forbrugsvare og har en begr\u00e6nset garanti p\u00e5 6 m\u00e5neder fra k\u00f8bsdatoen.<\/p><p>\u00a0<\/p><p class=\"p1\">Reparationer af Venture Heat-produkter kan afleveres hos enhver Venture Heat-forhandler. Reparationer vil altid blive tilbudt p\u00e5 forh\u00e5nd. I tilf\u00e6lde af reparationer vil der altid blive opkr\u00e6vet unders\u00f8gelsesomkostninger. I reparationstilbuddet er disse inspektionsomkostninger inkluderet i prisen. I tilf\u00e6lde af en urepareret returnering vil disse omkostninger blive opkr\u00e6vet separat.<\/p><p class=\"p1\">Det er ikke muligt at indsende garantikrav eller reparationer direkte til Venture Heat Europe.<\/p>\t\t\t\t\t\t\t\t<\/div>\n\t\t\t\t<\/div>\n\t\t\t\t\t<\/div>\n\t\t<\/div>\n\t\t\t\t\t<\/div>\n\t\t<\/section>\n\t\t\t\t\t<\/div>\n\t\t<\/div>\n\t\t\t\t\t<\/div>\n\t\t<\/section>\n\t\t\t\t<\/div>","protected":false},"excerpt":{"rendered":"<p>Garantie voorwaarden en afhandeling In het uitzonderlijke geval dat er aanspraak gemaakt moet worden op garantie zal getracht worden dit zo spoedig mogelijk te verzorgen. Het betreffende artikel dient, samen met het aankoopbewijs (handgeschreven bonnen worden niet geaccepteerd) en de Oranje (volledig ingevulde) garantiekaart te worden ingeleverd op het adres van aankoop. Bij het ontbreken [&hellip;]<\/p>\n","protected":false},"author":1,"featured_media":989,"parent":0,"menu_order":8,"comment_status":"closed","ping_status":"closed","template":"","meta":{"_acf_changed":false,"footnotes":""},"class_list":["post-252","page","type-page","status-publish","has-post-thumbnail","hentry"],"acf":[],"aioseo_notices":[],"_links":{"self":[{"href":"https:\/\/ventureheat.eu\/da\/wp-json\/wp\/v2\/pages\/252","targetHints":{"allow":["GET"]}}],"collection":[{"href":"https:\/\/ventureheat.eu\/da\/wp-json\/wp\/v2\/pages"}],"about":[{"href":"https:\/\/ventureheat.eu\/da\/wp-json\/wp\/v2\/types\/page"}],"author":[{"embeddable":true,"href":"https:\/\/ventureheat.eu\/da\/wp-json\/wp\/v2\/users\/1"}],"replies":[{"embeddable":true,"href":"https:\/\/ventureheat.eu\/da\/wp-json\/wp\/v2\/comments?post=252"}],"version-history":[{"count":0,"href":"https:\/\/ventureheat.eu\/da\/wp-json\/wp\/v2\/pages\/252\/revisions"}],"wp:featuredmedia":[{"embeddable":true,"href":"https:\/\/ventureheat.eu\/da\/wp-json\/wp\/v2\/media\/989"}],"wp:attachment":[{"href":"https:\/\/ventureheat.eu\/da\/wp-json\/wp\/v2\/media?parent=252"}],"curies":[{"name":"wp","href":"https:\/\/api.w.org\/{rel}","templated":true}]}}